{"id":201,"date":"2020-05-12T13:27:47","date_gmt":"2020-05-12T16:27:47","guid":{"rendered":"http:\/\/www.agroflexbrasil.com\/?page_id=201"},"modified":"2020-05-15T16:00:34","modified_gmt":"2020-05-15T19:00:34","slug":"culturas","status":"publish","type":"page","link":"https:\/\/www.agroflexbrasil.com\/es\/culturas\/","title":{"rendered":"Cultivos"},"content":{"rendered":"<ul class=\"ul1\">\n<li class=\"li2\"><span class=\"s1\">Flores<\/span><\/li>\n<li class=\"li2\"><span class=\"s1\">Frutas<\/span><\/li>\n<li class=\"li2\"><span class=\"s1\">Verduras<\/span><\/li>\n<li class=\"li2\"><span class=\"s1\">Hortalizas<\/span><\/li>\n<li class=\"li2\"><span class=\"s1\">Gr\u00e3os e cereais<\/span><\/li>\n<li class=\"li2\"><span class=\"s1\">Caf\u00e9<\/span><\/li>\n<li class=\"li2\"><span class=\"s1\">Silaje<\/span><\/li>\n<li class=\"li2\"><span class=\"s1\">Heno<\/span><\/li>\n<\/ul>\n<p class=\"p1\"><span class=\"s1\"><b>Flores<\/b><\/span><\/p>\n<p class=\"p1\"><span class=\"s1\">Tener control sobre los elementos que afectan la producci\u00f3n agr\u00edcola es una de las principales ventajas de invertir en un invernadero, donde las flores y algunas plantas se cultivan predominantemente.<\/span><\/p>\n<p class=\"p1\"><span class=\"s1\">Saiba qual a solu\u00e7\u00e3o ideal em filmes agr\u00edcolas acordo de acordo com o tipo de flor a ser cultivado:<\/span><\/p>\n<p class=\"p2\"><span class=\"s1\"><b>FLORES DE VASOS E FLORES DE CORTE (EXEMPLOS: ROSAS, ORQUIDEAS, CRISANTEMO, GERBERA, LIRIOS, FLORES FORRA\u00c7\u00c3O, BICO DE PAPAGAIO, KALANCHOE)<\/b><\/span><\/p>\n<p>&nbsp;<\/p>\n<p class=\"p1\"><span class=\"s1\"><b>SAMAMBAIAS<\/b><\/span><\/p>\n<ul class=\"ul1\">\n<li class=\"li1\"><span class=\"s2\">FILME LEITOSO<\/span><\/li>\n<\/ul>\n<p class=\"p1\"><span class=\"s1\"><b>Frutas<\/b><\/span><\/p>\n<p class=\"p1\"><span class=\"s1\">Mejor productividad, frutas de calidad y diferencial en el mercado. Estos son solo algunos de los beneficios proporcionados por el uso de la plasticultura en el cultivo de frutas.<\/span><\/p>\n<ul class=\"ul1\">\n<li class=\"li1\"><span class=\"s2\"><b>MORANGO <\/b><\/span><\/li>\n<\/ul>\n<ul class=\"ul1\">\n<li class=\"li1\"><span class=\"s2\">ECOLON PB OU PP M12 E M24,<\/span><\/li>\n<li class=\"li2\"><span class=\"s3\">FILME LEITOSO MORANGO<\/span><\/li>\n<li class=\"li2\"><span class=\"s3\">FILME DIFUSOR (ESTUFA COM P\u00c9 DIREITO ALTO)\u00a0<\/span><\/li>\n<li class=\"li1\"><span class=\"s2\">SLABS.\u00a0<\/span><\/li>\n<\/ul>\n<ul class=\"ul1\">\n<li class=\"li1\"><span class=\"s2\"><b>MEL\u00c3O, MELANCIA<\/b><\/span><\/li>\n<\/ul>\n<ul class=\"ul1\">\n<li class=\"li1\"><span class=\"s2\">ECOLON PB M12\u00a0<\/span><\/li>\n<li class=\"li1\"><span class=\"s2\">TNT\u00a0<\/span><\/li>\n<\/ul>\n<p>&nbsp;<\/p>\n<ul class=\"ul1\">\n<li class=\"li1\"><span class=\"s2\"><b>MARACUJ\u00c1, PITAYA, CITROS, BANANA, UVA, ABACAXI <\/b><\/span><\/li>\n<\/ul>\n<ul class=\"ul1\">\n<li class=\"li1\"><span class=\"s2\">ECOLON PB M24 <\/span><\/li>\n<\/ul>\n<p class=\"p1\"><span class=\"s1\"><b>Verduras<\/b><\/span><b><\/b><\/p>\n<ul class=\"ul1\">\n<li class=\"li1\"><span class=\"s2\"><b>TOMATE \/ PIMENT\u00c3O \/ BERINGELA \/ QUIABO\/ PEPINO<\/b><\/span><\/li>\n<\/ul>\n<ul class=\"ul1\">\n<li class=\"li1\"><span class=\"s2\">A CAMPO &#8211; ECOLON PB M12\u00a0<\/span><\/li>\n<li class=\"li1\"><span class=\"s2\">EM ESTUFAS &#8211; FILME DIFUSOR\u00a0<\/span><\/li>\n<\/ul>\n<p class=\"p2\"><span class=\"s3\"><span class=\"Apple-converted-space\">\u00a0 \u00a0 \u00a0 \u00a0 \u00a0 \u00a0 \u00a0 \u00a0 \u00a0 \u00a0 \u00a0 \u00a0 <\/span>&#8211; FILME ULTRA TRANSPARENTE <\/span><\/p>\n<p class=\"p2\"><span class=\"s3\"><span class=\"Apple-converted-space\">\u00a0 \u00a0 \u00a0 \u00a0 \u00a0 \u00a0 \u00a0 \u00a0 \u00a0 \u00a0 \u00a0 \u00a0 <\/span>&#8211; SLABS<\/span><\/p>\n<p>&nbsp;<\/p>\n<p class=\"p1\"><span class=\"s1\"><b>Hortalizas <\/b><\/span><\/p>\n<p class=\"p1\"><span class=\"s1\">El uso de la plasticultura para el cultivo de hortalizas garantiza el cultivo de varias especies durante todo el a\u00f1o y tambi\u00e9n es fundamental para contribuir al aumento de la productividad. <\/span><\/p>\n<ul class=\"ul1\">\n<li class=\"li2\"><span class=\"s1\"><b>HORTALI\u00c7AS FOLHOSAS (ALFACES, R\u00daCULA, CEBOLINHA, ESCAROLAS, COUVES) <\/b><\/span><\/li>\n<\/ul>\n<ul class=\"ul1\">\n<li class=\"li1\"><span class=\"s2\">A CAMPO &#8211; ECOLON PB ou PP<span class=\"Apple-converted-space\">\u00a0<\/span><\/span><\/li>\n<li class=\"li1\"><span class=\"s2\">ESTUFAS OU T\u00daNEL \u2013 FILME DIFUSOR<span class=\"Apple-converted-space\"> \u00a0<\/span><\/span><\/li>\n<\/ul>\n<p class=\"p2\"><span class=\"s3\"><span class=\"Apple-converted-space\">\u00a0\u00a0 \u00a0 \u00a0 \u00a0 \u00a0 \u00a0 \u00a0 \u00a0 \u00a0 \u00a0 \u00a0 \u00a0 \u00a0 \u00a0 \u00a0 \u00a0 \u00a0 \u00a0 <\/span>&#8211; SLABS\u00a0<\/span><\/p>\n<ul class=\"ul1\">\n<li class=\"li1\"><span class=\"s2\"><b>VIVEIROS DE MUDAS<\/b><\/span><\/li>\n<\/ul>\n<ul class=\"ul1\">\n<li class=\"li1\"><span class=\"s2\">FILME DIFUSOR<\/span><\/li>\n<\/ul>\n<p class=\"p1\"><span class=\"s1\"><b>Gr\u00e3os e cerais<\/b><\/span><\/p>\n<p class=\"p1\"><span class=\"s1\">A utiliza\u00e7\u00e3o de silos bolsa para o armazenamento sustent\u00e1vel, mant\u00e9m a qualidade e a conserva\u00e7\u00e3o nutricional dos gr\u00e3os e cereais, al\u00e9m de ser alternativa de baixo investimento para o produtor rural: <\/span><\/p>\n<ul>\n<li><span class=\"s1\"><b>MILHO, SOJA, ARROZ, TRIGO, CEVADA<\/b><\/span><\/li>\n<\/ul>\n<ul class=\"ul1\">\n<li class=\"li1\"><span class=\"s2\">AGROTUBE 9 p\u00e9s<\/span><\/li>\n<\/ul>\n<p class=\"p1\"><span class=\"s1\"><b>Caf\u00e9<\/b><\/span><\/p>\n<p class=\"p1\"><span class=\"s1\">El uso de la cobertura del suelo (mulching) en un cultivo de ciclo largo como el caf\u00e9 trae diversos beneficios, como: mejor productividad, cosecha m\u00e1s temprana, reducci\u00f3n del uso de agua, fertilizantes y pesticidas, adem\u00e1s del control de maleza.<\/span><\/p>\n<ul class=\"ul1\">\n<li class=\"li1\"><span class=\"s2\">ECOLON <\/span><\/li>\n<\/ul>\n<p class=\"p1\"><span class=\"s1\"><b>Silaje<\/b><\/span><\/p>\n<p class=\"p1\"><span class=\"s1\">Ya sea para producci\u00f3n de carne o leche, el uso de h\u00edbridos de ma\u00edz y sorgo espec\u00edficos para la producci\u00f3n de silaje de alta calidad es fundamental para el \u00e9xito de la actividad y los beneficios para los productores.<\/span><\/p>\n<ul class=\"ul1\">\n<li class=\"li1\"><strong><span class=\"s2\">MILHO, CANA<\/span><\/strong><\/li>\n<li class=\"li2\"><span class=\"s3\">LONA PREMIUM PB \u2013 PR\u00d3 E MASTER\u00a0<\/span><\/li>\n<\/ul>\n<p class=\"p1\"><span class=\"s1\"><b>Sorgo<\/b><\/span><\/p>\n<ul class=\"ul1\">\n<li class=\"li1\"><span class=\"s2\">LONA PREMIUM PB \u2013 PR\u00d3 E MASTER<\/span><\/li>\n<\/ul>\n<p class=\"p1\"><span class=\"s1\"><b>Heno<\/b><\/span><\/p>\n<p class=\"p1\"><span class=\"s1\">Ayuda en la protecci\u00f3n del material ensilado, manteniendo la calidad nutritiva y la conservaci\u00f3n del material.<\/span><\/p>\n<ul class=\"ul1\">\n<li class=\"li1\"><span class=\"s2\">GREEN WRAP<\/span><\/li>\n<\/ul>\n<p class=\"p1\">","protected":false},"excerpt":{"rendered":"<p>Flores Frutas Legumes Hortali\u00e7as Gr\u00e3os e cereais Caf\u00e9 Silagem Fena\u00e7\u00e3o Flores Ter o controle sobre os elementos que interferem na produ\u00e7\u00e3o agr\u00edcola \u00e9 uma das principais vantagens em investir em estufa, onde as flores e algumas plantas s\u00e3o predominantemente cultivadas. Saiba qual a solu\u00e7\u00e3o ideal em filmes agr\u00edcolas acordo de acordo com o tipo de [&hellip;]<\/p>","protected":false},"author":1,"featured_media":314,"parent":0,"menu_order":0,"comment_status":"closed","ping_status":"closed","template":"culturas.php","meta":{"footnotes":""},"yst_prominent_words":[58,57,30,42,26,32,50,29,60,82,79,77,45,28,83,78,75,80,76,81],"class_list":["post-201","page","type-page","status-publish","has-post-thumbnail","hentry"],"_links":{"self":[{"href":"https:\/\/www.agroflexbrasil.com\/es\/wp-json\/wp\/v2\/pages\/201","targetHints":{"allow":["GET"]}}],"collection":[{"href":"https:\/\/www.agroflexbrasil.com\/es\/wp-json\/wp\/v2\/pages"}],"about":[{"href":"https:\/\/www.agroflexbrasil.com\/es\/wp-json\/wp\/v2\/types\/page"}],"author":[{"embeddable":true,"href":"https:\/\/www.agroflexbrasil.com\/es\/wp-json\/wp\/v2\/users\/1"}],"replies":[{"embeddable":true,"href":"https:\/\/www.agroflexbrasil.com\/es\/wp-json\/wp\/v2\/comments?post=201"}],"version-history":[{"count":1,"href":"https:\/\/www.agroflexbrasil.com\/es\/wp-json\/wp\/v2\/pages\/201\/revisions"}],"predecessor-version":[{"id":202,"href":"https:\/\/www.agroflexbrasil.com\/es\/wp-json\/wp\/v2\/pages\/201\/revisions\/202"}],"wp:featuredmedia":[{"embeddable":true,"href":"https:\/\/www.agroflexbrasil.com\/es\/wp-json\/wp\/v2\/media\/314"}],"wp:attachment":[{"href":"https:\/\/www.agroflexbrasil.com\/es\/wp-json\/wp\/v2\/media?parent=201"}],"wp:term":[{"taxonomy":"yst_prominent_words","embeddable":true,"href":"https:\/\/www.agroflexbrasil.com\/es\/wp-json\/wp\/v2\/yst_prominent_words?post=201"}],"curies":[{"name":"wp","href":"https:\/\/api.w.org\/{rel}","templated":true}]}}