{"id":201,"date":"2020-05-12T13:27:47","date_gmt":"2020-05-12T16:27:47","guid":{"rendered":"http:\/\/www.agroflexbrasil.com\/?page_id=201"},"modified":"2020-05-15T16:00:34","modified_gmt":"2020-05-15T19:00:34","slug":"culturas","status":"publish","type":"page","link":"https:\/\/www.agroflexbrasil.com\/en\/culturas\/","title":{"rendered":"Crops"},"content":{"rendered":"<ul class=\"ul1\">\n<li class=\"li2\"><span class=\"s1\">Flowers<\/span><\/li>\n<li class=\"li2\"><span class=\"s1\">Fruits<\/span><\/li>\n<li class=\"li2\"><span class=\"s1\">Vegetables<\/span><\/li>\n<li class=\"li2\"><span class=\"s1\">Leafy vegetables<\/span><\/li>\n<li class=\"li2\"><span class=\"s1\">Grains and cereals<\/span><\/li>\n<li class=\"li2\"><span class=\"s1\">Coffe<\/span><\/li>\n<li class=\"li2\"><span class=\"s1\">Silage<\/span><\/li>\n<li class=\"li2\"><span class=\"s1\">Hay silage<\/span><\/li>\n<\/ul>\n<p class=\"p1\"><span class=\"s1\"><b>Flowers<\/b><\/span><\/p>\n<p class=\"p1\"><span class=\"s1\">Having control over the elements that interfere on the agricultural production is one of the main advantages of investing in a greenhouse, where flowers and some plants are predominantly cultivated.<\/span><\/p>\n<p class=\"p1\"><span class=\"s1\">Find out which is the ideal solution in agricultural films according to the type of flower to be grown:<\/span><\/p>\n<p class=\"p2\"><span class=\"s1\"><b>Pot or cut flowers (i.e.: Roses, orchidesm chrysanthemum, gerbera, lilies, forage flowers, kalanchoe)<\/b><\/span><\/p>\n<p>&nbsp;<\/p>\n<p class=\"p1\"><span class=\"s1\"><b>Ferns<\/b><\/span><\/p>\n<ul class=\"ul1\">\n<li class=\"li1\"><span class=\"s2\">Milky<\/span><\/li>\n<\/ul>\n<p class=\"p1\"><span class=\"s1\"><b>Fruits<\/b><\/span><\/p>\n<p class=\"p1\"><span class=\"s1\">Better productivity, quality fruit and market differential. These are just some of the benefits provided by the use of plasticulture in fruit cultivation.<\/span><\/p>\n<ul class=\"ul1\">\n<li class=\"li1\"><span class=\"s2\"><b>Strawberry <\/b><\/span><\/li>\n<\/ul>\n<ul class=\"ul1\">\n<li class=\"li1\"><span class=\"s2\">Mulching Ecolon PB ou PP M12 \/ M24<\/span><\/li>\n<li class=\"li2\"><span class=\"s3\">Milky Strawberry<\/span><\/li>\n<li class=\"li2\"><span class=\"s3\">Diffuser (greenhouse with high ceiling)\u00a0<\/span><\/li>\n<li class=\"li1\"><span class=\"s2\">slabs\u00a0<\/span><\/li>\n<\/ul>\n<ul class=\"ul1\">\n<li class=\"li1\"><span class=\"s2\"><b>Melon, WaterMelon<\/b><\/span><\/li>\n<\/ul>\n<ul class=\"ul1\">\n<li class=\"li1\"><span class=\"s2\">Mulching Ecolon PB M12\u00a0<\/span><\/li>\n<li class=\"li1\"><span class=\"s2\">NON WOVEN FABRIC FOR OPEN FIELD\u00a0<\/span><\/li>\n<\/ul>\n<p>&nbsp;<\/p>\n<ul class=\"ul1\">\n<li class=\"li1\"><span class=\"s2\"><b>Passion fruit, pitaya, citrus, banana, grape, pineaple <\/b><\/span><\/li>\n<\/ul>\n<ul class=\"ul1\">\n<li class=\"li1\"><span class=\"s2\">Mulching Ecolon  PB M24 <\/span><\/li>\n<\/ul>\n<p class=\"p1\"><span class=\"s1\"><b>Vegetables<\/b><\/span><b><\/b><\/p>\n<ul class=\"ul1\">\n<li class=\"li1\"><span class=\"s2\"><b>TOMATO \/ CHILI \/ EGGPLANT \/ QUIABO \/ CUCUMBER<\/b><\/span><\/li>\n<\/ul>\n<ul class=\"ul1\">\n<li class=\"li1\"><span class=\"s2\">Open Field \u2013 Mulching Ecolon PB M12\u00a0<\/span><\/li>\n<li class=\"li1\"><span class=\"s2\">Greenhouse: Diffuser, Ultra clear, slabs\u00a0<\/span><\/li>\n<\/ul>\n<p class=\"p2\"><span class=\"s3\"><span class=\"Apple-converted-space\">\u00a0 \u00a0 \u00a0 \u00a0 \u00a0 \u00a0 \u00a0 \u00a0 \u00a0 \u00a0 \u00a0 \u00a0 <\/span>&#8211; FILME ULTRA TRANSPARENTE <\/span><\/p>\n<p class=\"p2\"><span class=\"s3\"><span class=\"Apple-converted-space\">\u00a0 \u00a0 \u00a0 \u00a0 \u00a0 \u00a0 \u00a0 \u00a0 \u00a0 \u00a0 \u00a0 \u00a0 <\/span>slabs<\/span><\/p>\n<p>&nbsp;<\/p>\n<p class=\"p1\"><span class=\"s1\"><b>Leafy vegetables <\/b><\/span><\/p>\n<p class=\"p1\"><span class=\"s1\">The use of plasticulture for the cultivation of vegetables guarantees the cultivation of several species during the year and is still fundamental in contributing to increased productivity. <\/span><\/p>\n<ul class=\"ul1\">\n<li class=\"li2\"><span class=\"s1\"><b>Leafy vegetables (lettuce, ruccula, chive, escarolas, caves) <\/b><\/span><\/li>\n<\/ul>\n<ul class=\"ul1\">\n<li class=\"li1\"><span class=\"s2\">open field \u2013 mulching Ecolon PB or PP<span class=\"Apple-converted-space\">\u00a0<\/span><\/span><\/li>\n<li class=\"li1\"><span class=\"s2\">greenhouse or tunnel - Diffuser<span class=\"Apple-converted-space\"> \u00a0<\/span><\/span><\/li>\n<\/ul>\n<p class=\"p2\"><span class=\"s3\"><span class=\"Apple-converted-space\">\u00a0\u00a0 \u00a0 \u00a0 \u00a0 \u00a0 \u00a0 \u00a0 \u00a0 \u00a0 \u00a0 \u00a0 \u00a0 \u00a0 \u00a0 \u00a0 \u00a0 \u00a0 \u00a0 <\/span>slabs\u00a0<\/span><\/p>\n<ul class=\"ul1\">\n<li class=\"li1\"><span class=\"s2\"><b>seedling nurseries<\/b><\/span><\/li>\n<\/ul>\n<ul class=\"ul1\">\n<li class=\"li1\"><span class=\"s2\">Diffuser<\/span><\/li>\n<\/ul>\n<p class=\"p1\"><span class=\"s1\"><b>grains and cereals<\/b><\/span><\/p>\n<p class=\"p1\"><span class=\"s1\">The use of silos bags for sustainable storage, maintains the quality and nutritional conservation of grains and cereals, in addition to being a low investment alternative for rural producers: <\/span><\/p>\n<ul>\n<li><span class=\"s1\"><b>CORN, SOYA, RICE, WHEAT, BARLEY<\/b><\/span><\/li>\n<\/ul>\n<ul class=\"ul1\">\n<li class=\"li1\"><span class=\"s2\">Agrotube 9 feet<\/span><\/li>\n<\/ul>\n<p class=\"p1\"><span class=\"s1\"><b>Coffe<\/b><\/span><\/p>\n<p class=\"p1\"><span class=\"s1\">The use of mulching in a long-cycle crop such as coffee brings several benefits, such as improved productivity, precocious harvest, reduced use of water, fertilizers and pesticides, in addition to weed control:<\/span><\/p>\n<ul class=\"ul1\">\n<li class=\"li1\"><span class=\"s2\">MULCHING ECOLON <\/span><\/li>\n<\/ul>\n<p class=\"p1\"><span class=\"s1\"><b>Silage<\/b><\/span><\/p>\n<p class=\"p1\"><span class=\"s1\">Whether for meat or milk production, the use of specific maize and sorghum hybrids for the production of high quality silage is fundamental for the success of the activities and consequent profits for the producers<\/span><\/p>\n<ul class=\"ul1\">\n<li class=\"li1\"><strong><span class=\"s2\">Corn, Cane<\/span><\/strong><\/li>\n<li class=\"li2\"><span class=\"s3\">Premium PB \u2013 Pro and Master\u00a0<\/span><\/li>\n<\/ul>\n<p class=\"p1\"><span class=\"s1\"><b>Sorghum<\/b><\/span><\/p>\n<ul class=\"ul1\">\n<li class=\"li1\"><span class=\"s2\">Premium PB \u2013 Pro and Master<\/span><\/li>\n<\/ul>\n<p class=\"p1\"><span class=\"s1\"><b>Hay silage<\/b><\/span><\/p>\n<p class=\"p1\"><span class=\"s1\">It assists in the protection of ensiled material, aiming to maintain the nutritional quality and conservation of the material.<\/span><\/p>\n<ul class=\"ul1\">\n<li class=\"li1\"><span class=\"s2\">GREEN WRAP<\/span><\/li>\n<\/ul>\n<p class=\"p1\">","protected":false},"excerpt":{"rendered":"<p>Flores Frutas Legumes Hortali\u00e7as Gr\u00e3os e cereais Caf\u00e9 Silagem Fena\u00e7\u00e3o Flores Ter o controle sobre os elementos que interferem na produ\u00e7\u00e3o agr\u00edcola \u00e9 uma das principais vantagens em investir em estufa, onde as flores e algumas plantas s\u00e3o predominantemente cultivadas. Saiba qual a solu\u00e7\u00e3o ideal em filmes agr\u00edcolas acordo de acordo com o tipo de [&hellip;]<\/p>","protected":false},"author":1,"featured_media":314,"parent":0,"menu_order":0,"comment_status":"closed","ping_status":"closed","template":"culturas.php","meta":{"footnotes":""},"yst_prominent_words":[58,57,30,42,26,32,50,29,60,82,79,77,45,28,83,78,75,80,76,81],"class_list":["post-201","page","type-page","status-publish","has-post-thumbnail","hentry"],"_links":{"self":[{"href":"https:\/\/www.agroflexbrasil.com\/en\/wp-json\/wp\/v2\/pages\/201","targetHints":{"allow":["GET"]}}],"collection":[{"href":"https:\/\/www.agroflexbrasil.com\/en\/wp-json\/wp\/v2\/pages"}],"about":[{"href":"https:\/\/www.agroflexbrasil.com\/en\/wp-json\/wp\/v2\/types\/page"}],"author":[{"embeddable":true,"href":"https:\/\/www.agroflexbrasil.com\/en\/wp-json\/wp\/v2\/users\/1"}],"replies":[{"embeddable":true,"href":"https:\/\/www.agroflexbrasil.com\/en\/wp-json\/wp\/v2\/comments?post=201"}],"version-history":[{"count":1,"href":"https:\/\/www.agroflexbrasil.com\/en\/wp-json\/wp\/v2\/pages\/201\/revisions"}],"predecessor-version":[{"id":202,"href":"https:\/\/www.agroflexbrasil.com\/en\/wp-json\/wp\/v2\/pages\/201\/revisions\/202"}],"wp:featuredmedia":[{"embeddable":true,"href":"https:\/\/www.agroflexbrasil.com\/en\/wp-json\/wp\/v2\/media\/314"}],"wp:attachment":[{"href":"https:\/\/www.agroflexbrasil.com\/en\/wp-json\/wp\/v2\/media?parent=201"}],"wp:term":[{"taxonomy":"yst_prominent_words","embeddable":true,"href":"https:\/\/www.agroflexbrasil.com\/en\/wp-json\/wp\/v2\/yst_prominent_words?post=201"}],"curies":[{"name":"wp","href":"https:\/\/api.w.org\/{rel}","templated":true}]}}